{"id":86,"date":"2023-06-19T14:06:03","date_gmt":"2023-06-19T12:06:03","guid":{"rendered":"https:\/\/nicolastamborini.fr\/?page_id=86"},"modified":"2025-02-10T15:39:14","modified_gmt":"2025-02-10T14:39:14","slug":"mentions-legales","status":"publish","type":"page","link":"https:\/\/nicolastamborini.fr\/index.php\/mentions-legales\/","title":{"rendered":"Mentions l\u00e9gales"},"content":{"rendered":"\t\t<div data-elementor-type=\"wp-page\" data-elementor-id=\"86\" class=\"elementor elementor-86\" data-elementor-settings=\"{&quot;ha_cmc_init_switcher&quot;:&quot;no&quot;}\" data-elementor-post-type=\"page\">\n\t\t\t\t\t\t<section class=\"elementor-section elementor-top-section elementor-element elementor-element-ff1cd13 elementor-section-boxed elementor-section-height-default elementor-section-height-default\" data-id=\"ff1cd13\" data-element_type=\"section\" data-settings=\"{&quot;_ha_eqh_enable&quot;:false}\">\n\t\t\t\t\t\t<div class=\"elementor-container elementor-column-gap-default\">\n\t\t\t\t\t<div class=\"elementor-column elementor-col-50 elementor-top-column elementor-element elementor-element-5148f71\" data-id=\"5148f71\" data-element_type=\"column\">\n\t\t\t<div class=\"elementor-widget-wrap elementor-element-populated\">\n\t\t\t\t\t\t<div class=\"elementor-element elementor-element-850ef25 elementor-widget elementor-widget-image\" data-id=\"850ef25\" data-element_type=\"widget\" data-widget_type=\"image.default\">\n\t\t\t\t<div class=\"elementor-widget-container\">\n\t\t\t\t\t\t\t\t\t\t\t\t\t\t\t\t<a href=\"https:\/\/nicolastamborini.fr\/\">\n\t\t\t\t\t\t\t<img fetchpriority=\"high\" decoding=\"async\" width=\"397\" height=\"169\" src=\"https:\/\/nicolastamborini.fr\/wp-content\/uploads\/2025\/01\/LOGO.svg\" class=\"attachment-full size-full wp-image-579\" alt=\"\" \/>\t\t\t\t\t\t\t\t<\/a>\n\t\t\t\t\t\t\t\t\t\t\t\t\t\t\t<\/div>\n\t\t\t\t<\/div>\n\t\t\t\t\t<\/div>\n\t\t<\/div>\n\t\t\t\t<div class=\"elementor-column elementor-col-50 elementor-top-column elementor-element elementor-element-4240e12 elementor-hidden-mobile\" data-id=\"4240e12\" data-element_type=\"column\">\n\t\t\t<div class=\"elementor-widget-wrap elementor-element-populated\">\n\t\t\t\t\t\t<div class=\"elementor-element elementor-element-84f6928 elementor-align-right elementor-widget elementor-widget-button\" data-id=\"84f6928\" data-element_type=\"widget\" data-widget_type=\"button.default\">\n\t\t\t\t<div class=\"elementor-widget-container\">\n\t\t\t\t\t\t\t\t\t<div class=\"elementor-button-wrapper\">\n\t\t\t\t\t<a class=\"elementor-button elementor-button-link elementor-size-sm\" href=\"#elementor-action%3Aaction%3Dpopup%3Aopen%26settings%3DeyJpZCI6IjM0NSIsInRvZ2dsZSI6ZmFsc2V9\">\n\t\t\t\t\t\t<span class=\"elementor-button-content-wrapper\">\n\t\t\t\t\t\t\t\t\t<span class=\"elementor-button-text\">SIMULATION GRATUITE<\/span>\n\t\t\t\t\t<\/span>\n\t\t\t\t\t<\/a>\n\t\t\t\t<\/div>\n\t\t\t\t\t\t\t\t<\/div>\n\t\t\t\t<\/div>\n\t\t\t\t\t<\/div>\n\t\t<\/div>\n\t\t\t\t\t<\/div>\n\t\t<\/section>\n\t\t\t\t<section class=\"elementor-section elementor-top-section elementor-element elementor-element-57dda62 elementor-section-boxed elementor-section-height-default elementor-section-height-default\" data-id=\"57dda62\" data-element_type=\"section\" data-settings=\"{&quot;_ha_eqh_enable&quot;:false}\">\n\t\t\t\t\t\t<div class=\"elementor-container elementor-column-gap-default\">\n\t\t\t\t\t<div class=\"elementor-column elementor-col-100 elementor-top-column elementor-element elementor-element-c8a2c13\" data-id=\"c8a2c13\" data-element_type=\"column\">\n\t\t\t<div class=\"elementor-widget-wrap elementor-element-populated\">\n\t\t\t\t\t\t<div class=\"elementor-element elementor-element-8831321 elementor-widget elementor-widget-heading\" data-id=\"8831321\" data-element_type=\"widget\" data-widget_type=\"heading.default\">\n\t\t\t\t<div class=\"elementor-widget-container\">\n\t\t\t\t\t<h1 class=\"elementor-heading-title elementor-size-default\">Mentions l\u00e9gales<\/h1>\t\t\t\t<\/div>\n\t\t\t\t<\/div>\n\t\t\t\t<div class=\"elementor-element elementor-element-372bd60 elementor-widget elementor-widget-text-editor\" data-id=\"372bd60\" data-element_type=\"widget\" data-widget_type=\"text-editor.default\">\n\t\t\t\t<div class=\"elementor-widget-container\">\n\t\t\t\t\t\t\t\t\t<p class=\"p2\">En vigueur au 10\/02\/2025<\/p><p class=\"p4\">Conform\u00e9ment aux dispositions de la loi n\u00b02004-575 du 21 juin 2004 pour la Confiance en l\u2019\u00e9conomie num\u00e9rique, il est port\u00e9 \u00e0 la connaissance des utilisateurs et visiteurs, ci-apr\u00e8s l&rsquo; \u00ab\u00a0<b>Utilisateur<\/b>\u00ab\u00a0, du site https:\/\/nicolastamborini.fr\/ , ci-apr\u00e8s le \u00ab\u00a0<b>Site<\/b>\u00ab\u00a0, les pr\u00e9sentes mentions l\u00e9gales.<\/p><p class=\"p4\">La connexion et la navigation sur le Site par l\u2019Utilisateur implique acceptation int\u00e9grale et sans r\u00e9serve des pr\u00e9sentes mentions l\u00e9gales.<\/p><p class=\"p4\">Ces derni\u00e8res sont accessibles sur le Site \u00e0 la rubrique \u00ab\u00a0<b>Mentions l\u00e9gales<\/b>\u00ab\u00a0.<\/p><p class=\"p6\"><b>EDITION DU SITE<\/b><\/p><p class=\"p4\">L&rsquo;\u00e9dition du Site est assur\u00e9e par la soci\u00e9t\u00e9 MONSIEUR NICOLAS TAMBORINI, Entrepreneur individuel, immatricul\u00e9e au Registre du Commerce et des Soci\u00e9t\u00e9s de Grenoble A 902136456 sous le num\u00e9ro 902136456 dont le si\u00e8ge social est situ\u00e9 au 1 PLACE D&rsquo;APVRIL, 38000 GRENOBLE France,<\/p><p class=\"p4\">&gt; <b>Num\u00e9ro de t\u00e9l\u00e9phone<\/b> : 0646808098<\/p><p class=\"p4\">&gt; <b>Adresse e-mail<\/b> : nicolas.tamborini.a2p@axa.fr.<\/p><p class=\"p4\">&gt; <b>N\u00b0 de TVA intracommunautaire<\/b> : FR61902136456<\/p><p class=\"p4\">&gt; <b>Directeur de la publication<\/b> : MONSIEUR NICOLAS TAMBORINI<\/p><p class=\"p4\">ci-apr\u00e8s l'\u00a0\u00bb<b>Editeur<\/b>\u00ab\u00a0.<\/p><p class=\"p6\"><b>HEBERGEUR<\/b><\/p><p class=\"p4\">L&rsquo;h\u00e9bergeur du Site est la soci\u00e9t\u00e9 HOSTINGER, dont le si\u00e8ge social est situ\u00e9 au<span class=\"Apple-converted-space\">\u00a0 <\/span>61 Lordou Vironos Street 6023 Larnaca, Chypre .<\/p><p class=\"p6\"><b>ACCES AU SITE<\/b><\/p><p class=\"p4\">Le Site est normalement accessible, \u00e0 tout moment, \u00e0 l&rsquo;Utilisateur. Toutefois, l&rsquo;Editeur pourra, \u00e0 tout moment, suspendre, limiter ou interrompre le Site afin de proc\u00e9der, notamment, \u00e0 des mises \u00e0 jour ou des modifications de son contenu. L&rsquo;Editeur ne pourra en aucun cas \u00eatre tenu responsable des cons\u00e9quences \u00e9ventuelles de cette indisponibilit\u00e9 sur les activit\u00e9s de l&rsquo;Utilisateur.<\/p><p class=\"p6\"><b>COLLECTE DES DONNEES<\/b><\/p><p class=\"p4\">Le Site assure \u00e0 l&rsquo;Utilisateur une collecte et un traitement des donn\u00e9es personnelles dans le respect de la vie priv\u00e9e conform\u00e9ment \u00e0 la loi n\u00b078-17 du 6 janvier 1978 relative \u00e0 l&rsquo;informatique, aux fichiers<span class=\"Apple-converted-space\">\u00a0 <\/span>aux libert\u00e9s et dans le respect de la r\u00e8glementation applicable en mati\u00e8re de traitement des donn\u00e9es \u00e0 caract\u00e8re personnel conform\u00e9ment au r\u00e8glement (UE) 2016\/679 du Parlement europ\u00e9en et du Conseil du 27 avril 2016 (ci-apr\u00e8s, ensemble, la \u00ab\u00a0<b>R\u00e8glementation applicable en mati\u00e8re de protection des Donn\u00e9es \u00e0 caract\u00e8re personnel<\/b>\u00ab\u00a0).<\/p><p class=\"p4\">En vertu de la R\u00e8glementation applicable en mati\u00e8re de protection des Donn\u00e9es \u00e0 caract\u00e8re personnel, l&rsquo;Utilisateur dispose d&rsquo;un droit d&rsquo;acc\u00e8s, de rectification, de suppression et d&rsquo;opposition de ses donn\u00e9es personnelles. L&rsquo;Utilisateur peut exercer ce droit :<\/p><ul class=\"ul1\"><li class=\"li4\">par mail \u00e0 l&rsquo;adresse email nicolas.tamborini.a2p@axa.fr<\/li><li class=\"li4\">depuis le formulaire de contact ;<\/li><\/ul><p class=\"p4\">Toute utilisation, reproduction, diffusion, commercialisation, modification de toute ou partie du Site, sans autorisation expresse de l\u2019Editeur est prohib\u00e9e et pourra entra\u00eener des actions et poursuites judiciaires telles que pr\u00e9vues par la r\u00e8glementation en vigueur.<\/p><p class=\"p4\">Pour plus d\u2019informations, se reporter aux CGU du site https:\/\/nicolastamborini.fr\/ accessibles depuis la rubrique \u00ab\u00a0CGU\u00a0\u00bb .<\/p><p class=\"p4\">Pour plus d&rsquo;informations en mati\u00e8re de protection des donn\u00e9es \u00e0 caract\u00e8re personnel, se reporter \u00e0 la Charte en mati\u00e8re de protection des donn\u00e9es \u00e0 caract\u00e8re personnel du site https:\/\/nicolastamborini.fr\/ accessible depuis la rubrique \u00ab\u00a0Donn\u00e9es personnelles\u00a0\u00bb.<\/p><p class=\"p4\">Pour plus d&rsquo;informations en mati\u00e8re de cookies, se reporter \u00e0 la Charte en mati\u00e8re de cookies du site https:\/\/nicolastamborini.fr\/ accessible \u00e0 la rubrique \u00ab\u00a0Cookies\u00a0\u00bb<\/p>\t\t\t\t\t\t\t\t<\/div>\n\t\t\t\t<\/div>\n\t\t\t\t\t<\/div>\n\t\t<\/div>\n\t\t\t\t\t<\/div>\n\t\t<\/section>\n\t\t\t\t<\/div>\n\t\t","protected":false},"excerpt":{"rendered":"<p>SIMULATION GRATUITE Mentions l\u00e9gales En vigueur au 10\/02\/2025 Conform\u00e9ment aux dispositions de la loi n\u00b02004-575 du 21 juin 2004 pour la Confiance en l\u2019\u00e9conomie num\u00e9rique, il est port\u00e9 \u00e0 la connaissance des utilisateurs et visiteurs, ci-apr\u00e8s l&rsquo; \u00ab\u00a0Utilisateur\u00ab\u00a0, du site https:\/\/nicolastamborini.fr\/ , ci-apr\u00e8s le \u00ab\u00a0Site\u00ab\u00a0, les pr\u00e9sentes mentions l\u00e9gales. La connexion et la navigation sur [&hellip;]<\/p>\n","protected":false},"author":1,"featured_media":0,"parent":0,"menu_order":0,"comment_status":"closed","ping_status":"closed","template":"elementor_canvas","meta":{"footnotes":""},"class_list":["post-86","page","type-page","status-publish","hentry"],"yoast_head":"<!-- This site is optimized with the Yoast SEO plugin v25.3 - https:\/\/yoast.com\/wordpress\/plugins\/seo\/ -->\n<title>Mentions l\u00e9gales - Nicolas Tamborini<\/title>\n<meta name=\"robots\" content=\"index, follow, max-snippet:-1, max-image-preview:large, max-video-preview:-1\" \/>\n<link rel=\"canonical\" href=\"https:\/\/nicolastamborini.fr\/index.php\/mentions-legales\/\" \/>\n<meta property=\"og:locale\" content=\"fr_FR\" \/>\n<meta property=\"og:type\" content=\"article\" \/>\n<meta property=\"og:title\" content=\"Mentions l\u00e9gales - Nicolas Tamborini\" \/>\n<meta property=\"og:description\" content=\"SIMULATION GRATUITE Mentions l\u00e9gales En vigueur au 10\/02\/2025 Conform\u00e9ment aux dispositions de la loi n\u00b02004-575 du 21 juin 2004 pour la Confiance en l\u2019\u00e9conomie num\u00e9rique, il est port\u00e9 \u00e0 la connaissance des utilisateurs et visiteurs, ci-apr\u00e8s l&rsquo; \u00ab\u00a0Utilisateur\u00ab\u00a0, du site https:\/\/nicolastamborini.fr\/ , ci-apr\u00e8s le \u00ab\u00a0Site\u00ab\u00a0, les pr\u00e9sentes mentions l\u00e9gales. La connexion et la navigation sur [&hellip;]\" \/>\n<meta property=\"og:url\" content=\"https:\/\/nicolastamborini.fr\/index.php\/mentions-legales\/\" \/>\n<meta property=\"og:site_name\" content=\"Nicolas Tamborini\" \/>\n<meta property=\"article:modified_time\" content=\"2025-02-10T14:39:14+00:00\" \/>\n<meta property=\"og:image\" content=\"https:\/\/nicolastamborini.fr\/wp-content\/uploads\/2023\/06\/LOGO-1-1.png\" \/>\n\t<meta property=\"og:image:width\" content=\"1654\" \/>\n\t<meta property=\"og:image:height\" content=\"705\" \/>\n\t<meta property=\"og:image:type\" content=\"image\/png\" \/>\n<meta name=\"twitter:card\" content=\"summary_large_image\" \/>\n<meta name=\"twitter:label1\" content=\"Dur\u00e9e de lecture estim\u00e9e\" \/>\n\t<meta name=\"twitter:data1\" content=\"3 minutes\" \/>\n<script type=\"application\/ld+json\" class=\"yoast-schema-graph\">{\"@context\":\"https:\/\/schema.org\",\"@graph\":[{\"@type\":\"WebPage\",\"@id\":\"https:\/\/nicolastamborini.fr\/index.php\/mentions-legales\/\",\"url\":\"https:\/\/nicolastamborini.fr\/index.php\/mentions-legales\/\",\"name\":\"Mentions l\u00e9gales - Nicolas Tamborini\",\"isPartOf\":{\"@id\":\"https:\/\/nicolastamborini.fr\/#website\"},\"primaryImageOfPage\":{\"@id\":\"https:\/\/nicolastamborini.fr\/index.php\/mentions-legales\/#primaryimage\"},\"image\":{\"@id\":\"https:\/\/nicolastamborini.fr\/index.php\/mentions-legales\/#primaryimage\"},\"thumbnailUrl\":\"https:\/\/nicolastamborini.fr\/wp-content\/uploads\/2025\/01\/LOGO.svg\",\"datePublished\":\"2023-06-19T12:06:03+00:00\",\"dateModified\":\"2025-02-10T14:39:14+00:00\",\"breadcrumb\":{\"@id\":\"https:\/\/nicolastamborini.fr\/index.php\/mentions-legales\/#breadcrumb\"},\"inLanguage\":\"fr-FR\",\"potentialAction\":[{\"@type\":\"ReadAction\",\"target\":[\"https:\/\/nicolastamborini.fr\/index.php\/mentions-legales\/\"]}]},{\"@type\":\"ImageObject\",\"inLanguage\":\"fr-FR\",\"@id\":\"https:\/\/nicolastamborini.fr\/index.php\/mentions-legales\/#primaryimage\",\"url\":\"https:\/\/nicolastamborini.fr\/wp-content\/uploads\/2025\/01\/LOGO.svg\",\"contentUrl\":\"https:\/\/nicolastamborini.fr\/wp-content\/uploads\/2025\/01\/LOGO.svg\",\"width\":397,\"height\":169},{\"@type\":\"BreadcrumbList\",\"@id\":\"https:\/\/nicolastamborini.fr\/index.php\/mentions-legales\/#breadcrumb\",\"itemListElement\":[{\"@type\":\"ListItem\",\"position\":1,\"name\":\"Accueil\",\"item\":\"https:\/\/nicolastamborini.fr\/\"},{\"@type\":\"ListItem\",\"position\":2,\"name\":\"Mentions l\u00e9gales\"}]},{\"@type\":\"WebSite\",\"@id\":\"https:\/\/nicolastamborini.fr\/#website\",\"url\":\"https:\/\/nicolastamborini.fr\/\",\"name\":\"Nicolas Tamborini\",\"description\":\"Vous accompagner durablement, pour mieux vous prot\u00e9ger\",\"publisher\":{\"@id\":\"https:\/\/nicolastamborini.fr\/#organization\"},\"potentialAction\":[{\"@type\":\"SearchAction\",\"target\":{\"@type\":\"EntryPoint\",\"urlTemplate\":\"https:\/\/nicolastamborini.fr\/?s={search_term_string}\"},\"query-input\":{\"@type\":\"PropertyValueSpecification\",\"valueRequired\":true,\"valueName\":\"search_term_string\"}}],\"inLanguage\":\"fr-FR\"},{\"@type\":\"Organization\",\"@id\":\"https:\/\/nicolastamborini.fr\/#organization\",\"name\":\"Nicolas Tamborini\",\"url\":\"https:\/\/nicolastamborini.fr\/\",\"logo\":{\"@type\":\"ImageObject\",\"inLanguage\":\"fr-FR\",\"@id\":\"https:\/\/nicolastamborini.fr\/#\/schema\/logo\/image\/\",\"url\":\"https:\/\/nicolastamborini.fr\/wp-content\/uploads\/2023\/06\/cropped-LOGO-1-1.png\",\"contentUrl\":\"https:\/\/nicolastamborini.fr\/wp-content\/uploads\/2023\/06\/cropped-LOGO-1-1.png\",\"width\":1210,\"height\":473,\"caption\":\"Nicolas Tamborini\"},\"image\":{\"@id\":\"https:\/\/nicolastamborini.fr\/#\/schema\/logo\/image\/\"}}]}<\/script>\n<!-- \/ Yoast SEO plugin. -->","yoast_head_json":{"title":"Mentions l\u00e9gales - Nicolas Tamborini","robots":{"index":"index","follow":"follow","max-snippet":"max-snippet:-1","max-image-preview":"max-image-preview:large","max-video-preview":"max-video-preview:-1"},"canonical":"https:\/\/nicolastamborini.fr\/index.php\/mentions-legales\/","og_locale":"fr_FR","og_type":"article","og_title":"Mentions l\u00e9gales - Nicolas Tamborini","og_description":"SIMULATION GRATUITE Mentions l\u00e9gales En vigueur au 10\/02\/2025 Conform\u00e9ment aux dispositions de la loi n\u00b02004-575 du 21 juin 2004 pour la Confiance en l\u2019\u00e9conomie num\u00e9rique, il est port\u00e9 \u00e0 la connaissance des utilisateurs et visiteurs, ci-apr\u00e8s l&rsquo; \u00ab\u00a0Utilisateur\u00ab\u00a0, du site https:\/\/nicolastamborini.fr\/ , ci-apr\u00e8s le \u00ab\u00a0Site\u00ab\u00a0, les pr\u00e9sentes mentions l\u00e9gales. La connexion et la navigation sur [&hellip;]","og_url":"https:\/\/nicolastamborini.fr\/index.php\/mentions-legales\/","og_site_name":"Nicolas Tamborini","article_modified_time":"2025-02-10T14:39:14+00:00","og_image":[{"width":1654,"height":705,"url":"https:\/\/nicolastamborini.fr\/wp-content\/uploads\/2023\/06\/LOGO-1-1.png","type":"image\/png"}],"twitter_card":"summary_large_image","twitter_misc":{"Dur\u00e9e de lecture estim\u00e9e":"3 minutes"},"schema":{"@context":"https:\/\/schema.org","@graph":[{"@type":"WebPage","@id":"https:\/\/nicolastamborini.fr\/index.php\/mentions-legales\/","url":"https:\/\/nicolastamborini.fr\/index.php\/mentions-legales\/","name":"Mentions l\u00e9gales - Nicolas Tamborini","isPartOf":{"@id":"https:\/\/nicolastamborini.fr\/#website"},"primaryImageOfPage":{"@id":"https:\/\/nicolastamborini.fr\/index.php\/mentions-legales\/#primaryimage"},"image":{"@id":"https:\/\/nicolastamborini.fr\/index.php\/mentions-legales\/#primaryimage"},"thumbnailUrl":"https:\/\/nicolastamborini.fr\/wp-content\/uploads\/2025\/01\/LOGO.svg","datePublished":"2023-06-19T12:06:03+00:00","dateModified":"2025-02-10T14:39:14+00:00","breadcrumb":{"@id":"https:\/\/nicolastamborini.fr\/index.php\/mentions-legales\/#breadcrumb"},"inLanguage":"fr-FR","potentialAction":[{"@type":"ReadAction","target":["https:\/\/nicolastamborini.fr\/index.php\/mentions-legales\/"]}]},{"@type":"ImageObject","inLanguage":"fr-FR","@id":"https:\/\/nicolastamborini.fr\/index.php\/mentions-legales\/#primaryimage","url":"https:\/\/nicolastamborini.fr\/wp-content\/uploads\/2025\/01\/LOGO.svg","contentUrl":"https:\/\/nicolastamborini.fr\/wp-content\/uploads\/2025\/01\/LOGO.svg","width":397,"height":169},{"@type":"BreadcrumbList","@id":"https:\/\/nicolastamborini.fr\/index.php\/mentions-legales\/#breadcrumb","itemListElement":[{"@type":"ListItem","position":1,"name":"Accueil","item":"https:\/\/nicolastamborini.fr\/"},{"@type":"ListItem","position":2,"name":"Mentions l\u00e9gales"}]},{"@type":"WebSite","@id":"https:\/\/nicolastamborini.fr\/#website","url":"https:\/\/nicolastamborini.fr\/","name":"Nicolas Tamborini","description":"Vous accompagner durablement, pour mieux vous prot\u00e9ger","publisher":{"@id":"https:\/\/nicolastamborini.fr\/#organization"},"potentialAction":[{"@type":"SearchAction","target":{"@type":"EntryPoint","urlTemplate":"https:\/\/nicolastamborini.fr\/?s={search_term_string}"},"query-input":{"@type":"PropertyValueSpecification","valueRequired":true,"valueName":"search_term_string"}}],"inLanguage":"fr-FR"},{"@type":"Organization","@id":"https:\/\/nicolastamborini.fr\/#organization","name":"Nicolas Tamborini","url":"https:\/\/nicolastamborini.fr\/","logo":{"@type":"ImageObject","inLanguage":"fr-FR","@id":"https:\/\/nicolastamborini.fr\/#\/schema\/logo\/image\/","url":"https:\/\/nicolastamborini.fr\/wp-content\/uploads\/2023\/06\/cropped-LOGO-1-1.png","contentUrl":"https:\/\/nicolastamborini.fr\/wp-content\/uploads\/2023\/06\/cropped-LOGO-1-1.png","width":1210,"height":473,"caption":"Nicolas Tamborini"},"image":{"@id":"https:\/\/nicolastamborini.fr\/#\/schema\/logo\/image\/"}}]}},"_links":{"self":[{"href":"https:\/\/nicolastamborini.fr\/index.php\/wp-json\/wp\/v2\/pages\/86","targetHints":{"allow":["GET"]}}],"collection":[{"href":"https:\/\/nicolastamborini.fr\/index.php\/wp-json\/wp\/v2\/pages"}],"about":[{"href":"https:\/\/nicolastamborini.fr\/index.php\/wp-json\/wp\/v2\/types\/page"}],"author":[{"embeddable":true,"href":"https:\/\/nicolastamborini.fr\/index.php\/wp-json\/wp\/v2\/users\/1"}],"replies":[{"embeddable":true,"href":"https:\/\/nicolastamborini.fr\/index.php\/wp-json\/wp\/v2\/comments?post=86"}],"version-history":[{"count":40,"href":"https:\/\/nicolastamborini.fr\/index.php\/wp-json\/wp\/v2\/pages\/86\/revisions"}],"predecessor-version":[{"id":662,"href":"https:\/\/nicolastamborini.fr\/index.php\/wp-json\/wp\/v2\/pages\/86\/revisions\/662"}],"wp:attachment":[{"href":"https:\/\/nicolastamborini.fr\/index.php\/wp-json\/wp\/v2\/media?parent=86"}],"curies":[{"name":"wp","href":"https:\/\/api.w.org\/{rel}","templated":true}]}}